{"id":20,"date":"2015-04-22T09:25:34","date_gmt":"2015-04-22T09:25:34","guid":{"rendered":"http:\/\/imicreationlive.com\/autostars\/?page_id=20"},"modified":"2017-04-19T15:44:22","modified_gmt":"2017-04-19T13:44:22","slug":"home","status":"publish","type":"page","link":"http:\/\/www.baveg-hagenow.de\/","title":{"rendered":"Home"},"content":{"rendered":"<div class=\"row\">\n<div class=\"col-md-6 \" >\n<h1 class=\"uppercase strong\">BAVEG Bau und Verwaltungs GmbH<\/h1><p class=\"lead\">Sie sind auf der Suche nach einer passenden Wohnung?<\/p><\/div>\n<div class=\"col-md-6 \" ><\/div>\n<p class=\"\">Die BAVEG GmbH verf\u00fcgt \u00fcber Wohnungen in Hagenow und Umland sowie in Schwerin. Der Bestand reicht von 1- bis 5-Raum-Wohnungen.<\/p>\n<p class=\"\">Unser T\u00e4tigkeitsfeld liegt haupts\u00e4chlich in der Vermietung und Verwaltung von Wohnh\u00e4usern, Gewerbeobjekten, Stellpl\u00e4tzen und Garagen. Hierbei liegt unser Hauptaugenmerk auf der Betreuung unserer Mieter. Zudem Sanieren und Modernisieren wir Geb\u00e4ude um neuen modernen Wohnraum zu schaffen.<\/p>\n<\/div>\n<div class=\"spacer-0 \"> <\/div>\n","protected":false},"excerpt":{"rendered":"","protected":false},"author":1,"featured_media":0,"parent":0,"menu_order":0,"comment_status":"open","ping_status":"open","template":"template-home.php","meta":[],"_links":{"self":[{"href":"http:\/\/www.baveg-hagenow.de\/index.php\/wp-json\/wp\/v2\/pages\/20"}],"collection":[{"href":"http:\/\/www.baveg-hagenow.de\/index.php\/wp-json\/wp\/v2\/pages"}],"about":[{"href":"http:\/\/www.baveg-hagenow.de\/index.php\/wp-json\/wp\/v2\/types\/page"}],"author":[{"embeddable":true,"href":"http:\/\/www.baveg-hagenow.de\/index.php\/wp-json\/wp\/v2\/users\/1"}],"replies":[{"embeddable":true,"href":"http:\/\/www.baveg-hagenow.de\/index.php\/wp-json\/wp\/v2\/comments?post=20"}],"version-history":[{"count":29,"href":"http:\/\/www.baveg-hagenow.de\/index.php\/wp-json\/wp\/v2\/pages\/20\/revisions"}],"predecessor-version":[{"id":1302,"href":"http:\/\/www.baveg-hagenow.de\/index.php\/wp-json\/wp\/v2\/pages\/20\/revisions\/1302"}],"wp:attachment":[{"href":"http:\/\/www.baveg-hagenow.de\/index.php\/wp-json\/wp\/v2\/media?parent=20"}],"curies":[{"name":"wp","href":"https:\/\/api.w.org\/{rel}","templated":true}]}}